{"id":768,"date":"2019-03-27T11:19:23","date_gmt":"2019-03-27T10:19:23","guid":{"rendered":"http:\/\/www.maniamarket.fr\/boutique\/?post_type=product&#038;p=768"},"modified":"2025-08-11T15:14:49","modified_gmt":"2025-08-11T14:14:49","slug":"devenir-membre-maniamarket","status":"publish","type":"product","link":"https:\/\/www.maniamarket.fr\/boutique\/produit\/devenir-membre-maniamarket\/","title":{"rendered":"Carte Membre Mania-Legendary 2019"},"content":{"rendered":"<p>Devenez membre de notre communaut\u00e9 et acc\u00e9der \u00e0 nos diff\u00e9rentes cr\u00e9ations et tutos et aide sur des jeux vid\u00e9os comme Football Manager.<\/p>\n<p>&nbsp;<\/p>\n<p>En exemple, voici l&rsquo;une de nos derni\u00e8res cr\u00e9ations sur Football Manager 2019\u00a0 :<\/p>\n<p><em>\u00a0<\/em><\/p>\n<p>Championnat de France \u00e0 partir de la D1 (fictive soit le 9<sup>\u00e8me<\/sup> niveau national) + les DOM-TOM :<\/p>\n<p>&nbsp;<\/p>\n<p><span style=\"color: #ff00ff\"><strong>*Mise \u00e0 jour v2 !!<\/strong><\/span><\/p>\n<h2><span style=\"color: #ff00ff\"><strong>\u00c9quipe U17 &#8211; Championnat + coupe jouable !<br \/>\n<\/strong><\/span><\/h2>\n<ul>\n<li>Cr\u00e9ation d&rsquo;un championnat U17 pour toutes les \u00e9quipes jouables, calqu\u00e9 sur leur championnat s\u00e9nior ! (Groupe 1 correspond \u00e0 la L1, groupe 2 =Ligue 2, etc..) test\u00e9e et valid\u00e9e jusqu&rsquo;en septembre 2026 ! Nous n&rsquo;avions jamais r\u00e9ussi \u00e7a et je crois qu&rsquo;aucune update au monde ne l&rsquo;a jamais fait !!!!<\/li>\n<li>Une coupe national U17 est \u00e9galement ajout\u00e9e, jouable pour les clubs ayant leur s\u00e9nior en R1 minimum <em>(normalement).<\/em><\/li>\n<li>+ D&rsquo;info dans la 2\u00e8me vid\u00e9o en bas de page !<\/li>\n<\/ul>\n<p>&nbsp;<\/p>\n<ul>\n<li>Chaque club de France poss\u00e8de <strong>4<\/strong> \u00e9quipes<strong> : Premi\u00e8re, R\u00e9serve, U19 <\/strong>et <strong>U17 <\/strong><\/li>\n<li>Cr\u00e9ation des DOM-TOM complet except\u00e9 la Guadeloupe <em>(probl\u00e8mes de compatibilit\u00e9)<\/em><\/li>\n<li>Tous les clubs de France \u00e9voluant au moins en 1\u00e8re division d\u00e9partementale lors de la saison 2018-2019 ont \u00e9t\u00e9 cr\u00e9\u00e9es<\/li>\n<li><strong>Plus de 147 000<\/strong> Modifications dans la base<\/li>\n<li>Correction et ajustement de nombreux param\u00e8tres<\/li>\n<li>Cr\u00e9ation de<strong><u> 2483<\/u><\/strong> nouveaux clubs et <strong>2451 <\/strong>villes<\/li>\n<li>Toutes les nouvelles \u00e9quipes cr\u00e9\u00e9es ont leur villes et leurs couleurs comme la r\u00e9alit\u00e9<\/li>\n<li>Gestion g\u00e9ographique tr\u00e8s optimis\u00e9e pour les mont\u00e9es\/descentes des clubs<\/li>\n<li>Correction de toutes les villes fran\u00e7aises (<em>4255 villes au total au lieu de 1804 villes<\/em>) pour un matching efficace des championnat<\/li>\n<li>Aucune \u00e9quipes 3 et 4 car incompatible avec une bonne jouabilit\u00e9<\/li>\n<li><strong>Coupe de France :<\/strong>\n<ul>\n<li><strong><u>3955 \u00e9quipes participantes + 10 \u00e9quipes issues des DOM-TOM (<\/u><\/strong><u><em>int\u00e9gration des vainqueurs et finalistes des coupes r\u00e9gionales d&rsquo;outre-mer sauf Gaudeloupe<\/em><\/u><strong><u>)<\/u><\/strong><\/li>\n<li>Les clubs \u00e9voluant 2 divisions au-dessous de l&rsquo;adversaire \u00e9voluent \u00e0 domicile<\/li>\n<li>Entr\u00e9e tardive des clubs pros \u00e0 la coupe de France (<em>calqu\u00e9 plus ou moins sur la r\u00e9alit\u00e9<\/em>)<\/li>\n<\/ul>\n<\/li>\n<\/ul>\n<ul>\n<li><strong>Coupes R\u00e9gionales :<\/strong>\n<ul>\n<li>12 coupes, 1 par r\u00e9gion, jouables pour les clubs de N3 et en dessous, et jouable pour les r\u00e9serves.<\/li>\n<\/ul>\n<\/li>\n<\/ul>\n<ul>\n<li>S<strong>yst\u00e8me pyramidale des championnats r\u00e9gionaux et d\u00e9partementaux<\/strong> personnalis\u00e9es pour afin de garder de la coh\u00e9rence pour le jeu (mont\u00e9es\/descentes) :\n<ul>\n<li><strong>R1<\/strong> : 1 groupe par r\u00e9gion<\/li>\n<li><strong>R2<\/strong> : 2 groupes par r\u00e9gion<\/li>\n<li><strong>R3<\/strong> : 4 groupes par r\u00e9gion<\/li>\n<li><strong>D1<\/strong> : 8 groupes d\u00e9partementaux par r\u00e9gion<\/li>\n<\/ul>\n<\/li>\n<li>Les clubs \u00e9voluant au niveau r\u00e9gional en r\u00e9alit\u00e9 lors de la saison 2017-2018 ont \u00e9t\u00e9 prioris\u00e9s pour \u00eatre dans le jeu, et certains clubs \u00e9voluant en division tr\u00e8s inf\u00e9rieur ou parfois sans championnat ont pu \u00eatre rajout\u00e9s afin de combler les championnats (en Corse notamment)<\/li>\n<li>Cr\u00e9ation d&rsquo;une D2 s\u00e9nior<\/li>\n<\/ul>\n<h2><strong>\u00c9quipe U19<\/strong><\/h2>\n<ul>\n<li>Cr\u00e9ation du <strong>national U19 : <\/strong>4 groupes + demi-finales et finale comme en r\u00e9alit\u00e9<strong><br \/>\n<\/strong><\/li>\n<li>Cr\u00e9ation du niveau <strong>R1 U19<\/strong>: 1 groupe par r\u00e9gion<\/li>\n<li>Cr\u00e9ation du\u00a0niveau <strong>R2 U19<\/strong> : 2 groupes par r\u00e9gion<\/li>\n<li>Divisions r\u00e9gionales U19 en mode inactif pour les autres clubs<\/li>\n<li>Cr\u00e9ation de la <strong>Coupe Gambardella<\/strong> avec TOUTES les \u00e9quipes U19 de France et des DOM-TOM (les vainqueurs des coupes U19)<\/li>\n<li>Cr\u00e9ation de <strong>12 coupes R\u00e9gionales U19<\/strong>, jouables pour tous les clubs U19 \u00e9voluant en R\u00e9gion.<\/li>\n<\/ul>\n<h2><strong>Championnats des DOM-TOM <em>(Plus ou moins r\u00e9alistes selon les informations disponibles)<\/em><br \/>\n<\/strong><\/h2>\n<ul>\n<li><strong>R\u00c9UNION<\/strong> :\n<ul>\n<li><em>Update la plus avanc\u00e9e<\/em><\/li>\n<li>Tous les clubs cr\u00e9\u00e9s (bonnes couleurs, palmar\u00e8s)<\/li>\n<li>Toutes les villes<\/li>\n<li>Tous les stades<\/li>\n<li>Championnat \u00e0 4 niveaux (D1\/D2\/D3\/D4)<\/li>\n<li>Championnat r\u00e9serve calqu\u00e9 sur l&rsquo;\u00e9quipe 1\u00e8re<\/li>\n<li>Coupe et Supercoupe de la R\u00e9union et Coupe Dominique Sauget (avec historique)<\/li>\n<li>Participation aux coupes internationales pour les clubs et nations<\/li>\n<li>\u00c9quipes, coupe et championnats U19 (Honneur, Excellence, Promotion)<\/li>\n<\/ul>\n<\/li>\n<li><strong>MARTINIQUE<\/strong>:\n<ul>\n<li>Tous les clubs cr\u00e9\u00e9s (bonnes couleurs, palmar\u00e8s)<\/li>\n<li>Toutes les villes<\/li>\n<li>Tous les stades<\/li>\n<li>Championnat \u00e0 4 niveaux (R1\/R2\/R3\/R4)<\/li>\n<li>Coupe et Supercoupe de la Martinique<\/li>\n<li>\u00c9quipes, coupe et championnats U19 (R1\/R2\/R3)<\/li>\n<\/ul>\n<\/li>\n<li><strong>GUYANE<\/strong>:\n<ul>\n<li>Tous les clubs cr\u00e9\u00e9s (bonnes couleurs, palmar\u00e8s)<\/li>\n<li>Toutes les villes<\/li>\n<li>Tous les stades<\/li>\n<li>Championnat \u00e0 3 niveaux (R1\/R2\/R3)<\/li>\n<li>Coupe et Supercoupe de la Guyane<\/li>\n<li>\u00c9quipes, coupe et championnats U19 (R1\/R2\/R3)<\/li>\n<\/ul>\n<\/li>\n<li><strong>TAHITI<\/strong>:\n<ul>\n<li>Tous les clubs cr\u00e9\u00e9s (bonnes couleurs, palmar\u00e8s)<\/li>\n<li>Toutes les villes<\/li>\n<li>Tous les stades<\/li>\n<li>Championnat \u00e0 2 niveaux (D1\/D2)<\/li>\n<li>Championnat pour les r\u00e9serves<\/li>\n<li>Coupe et Supercoupe de Tahiti<\/li>\n<li>\u00c9quipes, coupe et championnats U19 (D1\/D2)<\/li>\n<\/ul>\n<\/li>\n<li><strong>NOUVELLE-CAL\u00c9DONIE:<\/strong>\n<ul>\n<li>Tous les clubs cr\u00e9\u00e9s (bonnes couleurs, palmar\u00e8s)<\/li>\n<li>Toutes les villes<\/li>\n<li>Tous les stades<\/li>\n<li>Championnat \u00e0 3 niveaux (DH\/D2\/D3)<\/li>\n<li>Coupe et Supercoupe de la Nouvelle-Cal\u00e9donie<\/li>\n<li>\u00c9quipes, coupe et championnats U19 (D1\/D2)<\/li>\n<\/ul>\n<\/li>\n<li><strong>MAYOTTE<\/strong>:\n<ul>\n<li>Tous les clubs cr\u00e9\u00e9s (bonnes couleurs, palmar\u00e8s)<\/li>\n<li>Toutes les villes<\/li>\n<li>Tous les stades<\/li>\n<li>Championnat \u00e0 5 niveaux (R1\/R2\/R3\/R4\/R5)<\/li>\n<li>Coupe et Supercoupe de Mayotte<\/li>\n<li>\u00c9quipes, coupe et championnats U19 (R1\/R2\/R3)<\/li>\n<\/ul>\n<\/li>\n<li><strong>SAINT-MARTIN (\/ ST-BARTH):<\/strong>\n<ul>\n<li>Rassemblement des 2 \u00eeles ensembles<\/li>\n<li>Tous les clubs cr\u00e9\u00e9s ou r\u00e9invent\u00e9s (bonnes couleurs, palmar\u00e8s)<\/li>\n<li>Toutes les villes<\/li>\n<li>Tous les stades<\/li>\n<li>Championnat \u00e0 2 niveaux (L1 et L2)<\/li>\n<li>Championnat pour les r\u00e9serves<\/li>\n<li>Coupe et Supercoupe de St-Martin \/ St Barth<\/li>\n<li>Coupe de St Martin<\/li>\n<li>Coupe de St Barth<\/li>\n<li>\u00c9quipes, coupe et championnats U19 (D1 et D2)<\/li>\n<\/ul>\n<\/li>\n<li><strong>WALLIS &amp; FUTUNA:<\/strong>\n<ul>\n<li>Tous les clubs cr\u00e9\u00e9s ou r\u00e9invent\u00e9s (bonnes couleurs, palmar\u00e8s)<\/li>\n<li>Toutes les villes<\/li>\n<li>Tous les stades<\/li>\n<li>Championnat \u00e0 2 niveaux (D1\/D2)<\/li>\n<li>Championnat pour les r\u00e9serves<\/li>\n<li>Coupe et Supercoupe de la Wallis et Futuna<\/li>\n<li>Coupe de Wallis<\/li>\n<li>Coupe de Futuna<\/li>\n<li>\u00c9quipes, coupe et championnats U19 (R1\/R2\/R3)<\/li>\n<\/ul>\n<\/li>\n<li><strong>SAINT-PIERRE ET MIQUELON:<\/strong>\n<ul>\n<li>Tous les clubs cr\u00e9\u00e9s ou r\u00e9invent\u00e9s (bonnes couleurs, palmar\u00e8s)<\/li>\n<li>Toutes les villes<\/li>\n<li>Tous les stades<\/li>\n<li>Championnat \u00e0 1 niveau (D1)<\/li>\n<li>Championnat r\u00e9serve calqu\u00e9 sur l&rsquo;\u00e9quipe 1\u00e8re<\/li>\n<li>Coupe et Supercoupe de la R\u00e9union<\/li>\n<li>\u00c9quipes, coupe et championnats U19 (DH)<\/li>\n<\/ul>\n<\/li>\n<li><strong>GUADELOUPE:<\/strong>\n<ul>\n<li>Pas cr\u00e9\u00e9 totalement, seulement la Premi\u00e8re division ainsi que tous les clubs existants. Probl\u00e8me de compatibilit\u00e9 avec les autres updates DOM-TOM<\/li>\n<\/ul>\n<\/li>\n<\/ul>\n<p>&nbsp;<\/p>\n<ul>\n<li>Il ne s&rsquo;agit pas d&rsquo;une update collant \u00e0 la r\u00e9alit\u00e9 mais elle s&rsquo;y rapproche en \u00e9tant organis\u00e9e de telle fa\u00e7on \u00e0 ce qu&rsquo;il n&rsquo;y ait pas de bugs ou de mauvais param\u00e9trages pour les r\u00e9gions d\u00e9partementaux et dom-tom. Les Ligues r\u00e9gionales et d\u00e9partementales \u00e9tant tr\u00e8s h\u00e9t\u00e9rog\u00e8nes entre elles, il n&rsquo;\u00e9tait pas souhaitable de reproduire la r\u00e9alit\u00e9. Malgr\u00e9 toutes ses pr\u00e9cautions, il y aura toujours des clubs rel\u00e9gu\u00e9s ou promus qui seront dans des groupes diff\u00e9rents de leur position g\u00e9ographique, mais les nombreux tests montrent que les championnats d\u00e9partementaux et r\u00e9gionaux sont compos\u00e9s d&rsquo;environ 90% des bons clubs.<\/li>\n<\/ul>\n<p>En r\u00e9sum\u00e9 pr\u00e8s de <strong>300 comp\u00e9titions<\/strong> suppl\u00e9mentaires jouables dont :<\/p>\n<p>261 comp\u00e9titions fran\u00e7aises : 12 coupes s\u00e9niors, 13 coupes U19, 6 divisions s\u00e9niors repr\u00e9sentant 196 championnats, 3 divisions U19 repr\u00e9sentant 40 championnats ont \u00e9t\u00e9 cr\u00e9\u00e9s, la plus grosse update jamais cr\u00e9\u00e9e par notre \u00e9quipe.<\/p>\n<p>23 Divisions jouables dans les DOM-TOM : + toutes les coupes R\u00e9gionales\/Nationales s\u00e9niors et U19<em> (sauf guadeloupe)<\/em>.<\/p>\n<ul>\n<li><em>Cette version a \u00e9t\u00e9 optimis\u00e9e pour une bonne jouabilit\u00e9, il est possible que vous en deveniez addict car aucune update, \u00e0 notre connaissance, n&rsquo;a \u00e9t\u00e9 aussi loin pour la France et les DOM-TOM.<\/em><\/li>\n<\/ul>\n<p><em><strong>L&rsquo;update a \u00e9t\u00e9 test\u00e9e jusqu&rsquo;au 1er septembre 2026 sans bug.<\/strong><\/em><\/p>\n<p>&nbsp;<\/p>\n<p>&nbsp;<\/p>\n<p><strong>Vid\u00e9o 2 : Notre Mise \u00e0 jour avec championnat et coupe national U17 jouable !!!<\/strong><\/p>\n<p><em>S<\/em><em>ave d&rsquo;exemple mise \u00e0 disposition librement<\/em><\/p>\n<p>Validit\u00e9 de l&rsquo;abonnement : du 1er novembre 2018 aux 31 octobre 2019<\/p>\n","protected":false},"excerpt":{"rendered":"<p>Carte membre 2019 Football Manager &#8211; Devenez membre Mania-Legendary et acc\u00e9dez aux cr\u00e9ations premium !<\/p>\n","protected":false},"featured_media":771,"comment_status":"open","ping_status":"closed","template":"","meta":[],"product_brand":[],"product_cat":[45],"product_tag":[],"class_list":{"0":"post-768","1":"product","2":"type-product","3":"status-publish","4":"has-post-thumbnail","6":"product_cat-updates-fm-2019","8":"first","9":"instock","10":"downloadable","11":"shipping-taxable","12":"purchasable","13":"product-type-simple"},"yoast_head":"<!-- This site is optimized with the Yoast SEO plugin v27.3 - https:\/\/yoast.com\/product\/yoast-seo-wordpress\/ -->\n<title>Carte Membre Football Manager 2019 | Mania-Legendary Premium<\/title>\n<meta name=\"description\" content=\"Devenez membre Mania-Legendary 2019 pour Football Manager. Acc\u00e8s aux cr\u00e9ations premium et communaut\u00e9. 3.99\u20ac !\" \/>\n<meta name=\"robots\" content=\"index, follow, max-snippet:-1, max-image-preview:large, max-video-preview:-1\" \/>\n<link rel=\"canonical\" href=\"https:\/\/www.maniamarket.fr\/boutique\/produit\/devenir-membre-maniamarket\/\" \/>\n<meta property=\"og:locale\" content=\"fr_FR\" \/>\n<meta property=\"og:type\" content=\"article\" \/>\n<meta property=\"og:title\" content=\"Carte Membre Football Manager 2019 | Mania-Legendary Premium\" \/>\n<meta property=\"og:description\" content=\"Devenez membre Mania-Legendary 2019 pour Football Manager. Acc\u00e8s aux cr\u00e9ations premium et communaut\u00e9. 3.99\u20ac !\" \/>\n<meta property=\"og:url\" content=\"https:\/\/www.maniamarket.fr\/boutique\/produit\/devenir-membre-maniamarket\/\" \/>\n<meta property=\"og:site_name\" content=\"Maniamarket\" \/>\n<meta property=\"article:modified_time\" content=\"2025-08-11T14:14:49+00:00\" \/>\n<meta property=\"og:image\" content=\"https:\/\/www.maniamarket.fr\/boutique\/wp-content\/uploads\/2019\/03\/Image-Produit-carte-membre-2019-1024x686.png\" \/>\n\t<meta property=\"og:image:width\" content=\"1024\" \/>\n\t<meta property=\"og:image:height\" content=\"686\" \/>\n\t<meta property=\"og:image:type\" content=\"image\/png\" \/>\n<meta name=\"twitter:card\" content=\"summary_large_image\" \/>\n<meta name=\"twitter:label1\" content=\"Dur\u00e9e de lecture estim\u00e9e\" \/>\n\t<meta name=\"twitter:data1\" content=\"6 minutes\" \/>\n<script type=\"application\/ld+json\" class=\"yoast-schema-graph\">{\"@context\":\"https:\\\/\\\/schema.org\",\"@graph\":[{\"@type\":\"WebPage\",\"@id\":\"https:\\\/\\\/www.maniamarket.fr\\\/boutique\\\/produit\\\/devenir-membre-maniamarket\\\/\",\"url\":\"https:\\\/\\\/www.maniamarket.fr\\\/boutique\\\/produit\\\/devenir-membre-maniamarket\\\/\",\"name\":\"Carte Membre Football Manager 2019 | Mania-Legendary Premium\",\"isPartOf\":{\"@id\":\"https:\\\/\\\/www.maniamarket.fr\\\/boutique\\\/#website\"},\"primaryImageOfPage\":{\"@id\":\"https:\\\/\\\/www.maniamarket.fr\\\/boutique\\\/produit\\\/devenir-membre-maniamarket\\\/#primaryimage\"},\"image\":{\"@id\":\"https:\\\/\\\/www.maniamarket.fr\\\/boutique\\\/produit\\\/devenir-membre-maniamarket\\\/#primaryimage\"},\"thumbnailUrl\":\"https:\\\/\\\/www.maniamarket.fr\\\/boutique\\\/wp-content\\\/uploads\\\/2019\\\/03\\\/Image-Produit-carte-membre-2019.png\",\"datePublished\":\"2019-03-27T10:19:23+00:00\",\"dateModified\":\"2025-08-11T14:14:49+00:00\",\"description\":\"Devenez membre Mania-Legendary 2019 pour Football Manager. Acc\u00e8s aux cr\u00e9ations premium et communaut\u00e9. 3.99\u20ac !\",\"breadcrumb\":{\"@id\":\"https:\\\/\\\/www.maniamarket.fr\\\/boutique\\\/produit\\\/devenir-membre-maniamarket\\\/#breadcrumb\"},\"inLanguage\":\"fr-FR\",\"potentialAction\":[{\"@type\":\"ReadAction\",\"target\":[\"https:\\\/\\\/www.maniamarket.fr\\\/boutique\\\/produit\\\/devenir-membre-maniamarket\\\/\"]}]},{\"@type\":\"ImageObject\",\"inLanguage\":\"fr-FR\",\"@id\":\"https:\\\/\\\/www.maniamarket.fr\\\/boutique\\\/produit\\\/devenir-membre-maniamarket\\\/#primaryimage\",\"url\":\"https:\\\/\\\/www.maniamarket.fr\\\/boutique\\\/wp-content\\\/uploads\\\/2019\\\/03\\\/Image-Produit-carte-membre-2019.png\",\"contentUrl\":\"https:\\\/\\\/www.maniamarket.fr\\\/boutique\\\/wp-content\\\/uploads\\\/2019\\\/03\\\/Image-Produit-carte-membre-2019.png\",\"width\":1612,\"height\":1080},{\"@type\":\"BreadcrumbList\",\"@id\":\"https:\\\/\\\/www.maniamarket.fr\\\/boutique\\\/produit\\\/devenir-membre-maniamarket\\\/#breadcrumb\",\"itemListElement\":[{\"@type\":\"ListItem\",\"position\":1,\"name\":\"Accueil\",\"item\":\"https:\\\/\\\/www.maniamarket.fr\\\/boutique\\\/\"},{\"@type\":\"ListItem\",\"position\":2,\"name\":\"Boutique\",\"item\":\"https:\\\/\\\/www.maniamarket.fr\\\/boutique\\\/\"},{\"@type\":\"ListItem\",\"position\":3,\"name\":\"Carte Membre Mania-Legendary 2019\"}]},{\"@type\":\"WebSite\",\"@id\":\"https:\\\/\\\/www.maniamarket.fr\\\/boutique\\\/#website\",\"url\":\"https:\\\/\\\/www.maniamarket.fr\\\/boutique\\\/\",\"name\":\"Maniamarket\",\"description\":\"\",\"publisher\":{\"@id\":\"https:\\\/\\\/www.maniamarket.fr\\\/boutique\\\/#organization\"},\"potentialAction\":[{\"@type\":\"SearchAction\",\"target\":{\"@type\":\"EntryPoint\",\"urlTemplate\":\"https:\\\/\\\/www.maniamarket.fr\\\/boutique\\\/?s={search_term_string}\"},\"query-input\":{\"@type\":\"PropertyValueSpecification\",\"valueRequired\":true,\"valueName\":\"search_term_string\"}}],\"inLanguage\":\"fr-FR\"},{\"@type\":\"Organization\",\"@id\":\"https:\\\/\\\/www.maniamarket.fr\\\/boutique\\\/#organization\",\"name\":\"Maniamarket\",\"url\":\"https:\\\/\\\/www.maniamarket.fr\\\/boutique\\\/\",\"logo\":{\"@type\":\"ImageObject\",\"inLanguage\":\"fr-FR\",\"@id\":\"https:\\\/\\\/www.maniamarket.fr\\\/boutique\\\/#\\\/schema\\\/logo\\\/image\\\/\",\"url\":\"https:\\\/\\\/www.maniamarket.fr\\\/boutique\\\/wp-content\\\/uploads\\\/2015\\\/10\\\/cropped-cropped-imania.png\",\"contentUrl\":\"https:\\\/\\\/www.maniamarket.fr\\\/boutique\\\/wp-content\\\/uploads\\\/2015\\\/10\\\/cropped-cropped-imania.png\",\"width\":512,\"height\":384,\"caption\":\"Maniamarket\"},\"image\":{\"@id\":\"https:\\\/\\\/www.maniamarket.fr\\\/boutique\\\/#\\\/schema\\\/logo\\\/image\\\/\"}}]}<\/script>\n<!-- \/ Yoast SEO plugin. -->","yoast_head_json":{"title":"Carte Membre Football Manager 2019 | Mania-Legendary Premium","description":"Devenez membre Mania-Legendary 2019 pour Football Manager. Acc\u00e8s aux cr\u00e9ations premium et communaut\u00e9. 3.99\u20ac !","robots":{"index":"index","follow":"follow","max-snippet":"max-snippet:-1","max-image-preview":"max-image-preview:large","max-video-preview":"max-video-preview:-1"},"canonical":"https:\/\/www.maniamarket.fr\/boutique\/produit\/devenir-membre-maniamarket\/","og_locale":"fr_FR","og_type":"article","og_title":"Carte Membre Football Manager 2019 | Mania-Legendary Premium","og_description":"Devenez membre Mania-Legendary 2019 pour Football Manager. Acc\u00e8s aux cr\u00e9ations premium et communaut\u00e9. 3.99\u20ac !","og_url":"https:\/\/www.maniamarket.fr\/boutique\/produit\/devenir-membre-maniamarket\/","og_site_name":"Maniamarket","article_modified_time":"2025-08-11T14:14:49+00:00","og_image":[{"width":1024,"height":686,"url":"https:\/\/www.maniamarket.fr\/boutique\/wp-content\/uploads\/2019\/03\/Image-Produit-carte-membre-2019-1024x686.png","type":"image\/png"}],"twitter_card":"summary_large_image","twitter_misc":{"Dur\u00e9e de lecture estim\u00e9e":"6 minutes"},"schema":{"@context":"https:\/\/schema.org","@graph":[{"@type":"WebPage","@id":"https:\/\/www.maniamarket.fr\/boutique\/produit\/devenir-membre-maniamarket\/","url":"https:\/\/www.maniamarket.fr\/boutique\/produit\/devenir-membre-maniamarket\/","name":"Carte Membre Football Manager 2019 | Mania-Legendary Premium","isPartOf":{"@id":"https:\/\/www.maniamarket.fr\/boutique\/#website"},"primaryImageOfPage":{"@id":"https:\/\/www.maniamarket.fr\/boutique\/produit\/devenir-membre-maniamarket\/#primaryimage"},"image":{"@id":"https:\/\/www.maniamarket.fr\/boutique\/produit\/devenir-membre-maniamarket\/#primaryimage"},"thumbnailUrl":"https:\/\/www.maniamarket.fr\/boutique\/wp-content\/uploads\/2019\/03\/Image-Produit-carte-membre-2019.png","datePublished":"2019-03-27T10:19:23+00:00","dateModified":"2025-08-11T14:14:49+00:00","description":"Devenez membre Mania-Legendary 2019 pour Football Manager. Acc\u00e8s aux cr\u00e9ations premium et communaut\u00e9. 3.99\u20ac !","breadcrumb":{"@id":"https:\/\/www.maniamarket.fr\/boutique\/produit\/devenir-membre-maniamarket\/#breadcrumb"},"inLanguage":"fr-FR","potentialAction":[{"@type":"ReadAction","target":["https:\/\/www.maniamarket.fr\/boutique\/produit\/devenir-membre-maniamarket\/"]}]},{"@type":"ImageObject","inLanguage":"fr-FR","@id":"https:\/\/www.maniamarket.fr\/boutique\/produit\/devenir-membre-maniamarket\/#primaryimage","url":"https:\/\/www.maniamarket.fr\/boutique\/wp-content\/uploads\/2019\/03\/Image-Produit-carte-membre-2019.png","contentUrl":"https:\/\/www.maniamarket.fr\/boutique\/wp-content\/uploads\/2019\/03\/Image-Produit-carte-membre-2019.png","width":1612,"height":1080},{"@type":"BreadcrumbList","@id":"https:\/\/www.maniamarket.fr\/boutique\/produit\/devenir-membre-maniamarket\/#breadcrumb","itemListElement":[{"@type":"ListItem","position":1,"name":"Accueil","item":"https:\/\/www.maniamarket.fr\/boutique\/"},{"@type":"ListItem","position":2,"name":"Boutique","item":"https:\/\/www.maniamarket.fr\/boutique\/"},{"@type":"ListItem","position":3,"name":"Carte Membre Mania-Legendary 2019"}]},{"@type":"WebSite","@id":"https:\/\/www.maniamarket.fr\/boutique\/#website","url":"https:\/\/www.maniamarket.fr\/boutique\/","name":"Maniamarket","description":"","publisher":{"@id":"https:\/\/www.maniamarket.fr\/boutique\/#organization"},"potentialAction":[{"@type":"SearchAction","target":{"@type":"EntryPoint","urlTemplate":"https:\/\/www.maniamarket.fr\/boutique\/?s={search_term_string}"},"query-input":{"@type":"PropertyValueSpecification","valueRequired":true,"valueName":"search_term_string"}}],"inLanguage":"fr-FR"},{"@type":"Organization","@id":"https:\/\/www.maniamarket.fr\/boutique\/#organization","name":"Maniamarket","url":"https:\/\/www.maniamarket.fr\/boutique\/","logo":{"@type":"ImageObject","inLanguage":"fr-FR","@id":"https:\/\/www.maniamarket.fr\/boutique\/#\/schema\/logo\/image\/","url":"https:\/\/www.maniamarket.fr\/boutique\/wp-content\/uploads\/2015\/10\/cropped-cropped-imania.png","contentUrl":"https:\/\/www.maniamarket.fr\/boutique\/wp-content\/uploads\/2015\/10\/cropped-cropped-imania.png","width":512,"height":384,"caption":"Maniamarket"},"image":{"@id":"https:\/\/www.maniamarket.fr\/boutique\/#\/schema\/logo\/image\/"}}]}},"_links":{"self":[{"href":"https:\/\/www.maniamarket.fr\/boutique\/wp-json\/wp\/v2\/product\/768","targetHints":{"allow":["GET"]}}],"collection":[{"href":"https:\/\/www.maniamarket.fr\/boutique\/wp-json\/wp\/v2\/product"}],"about":[{"href":"https:\/\/www.maniamarket.fr\/boutique\/wp-json\/wp\/v2\/types\/product"}],"replies":[{"embeddable":true,"href":"https:\/\/www.maniamarket.fr\/boutique\/wp-json\/wp\/v2\/comments?post=768"}],"wp:featuredmedia":[{"embeddable":true,"href":"https:\/\/www.maniamarket.fr\/boutique\/wp-json\/wp\/v2\/media\/771"}],"wp:attachment":[{"href":"https:\/\/www.maniamarket.fr\/boutique\/wp-json\/wp\/v2\/media?parent=768"}],"wp:term":[{"taxonomy":"product_brand","embeddable":true,"href":"https:\/\/www.maniamarket.fr\/boutique\/wp-json\/wp\/v2\/product_brand?post=768"},{"taxonomy":"product_cat","embeddable":true,"href":"https:\/\/www.maniamarket.fr\/boutique\/wp-json\/wp\/v2\/product_cat?post=768"},{"taxonomy":"product_tag","embeddable":true,"href":"https:\/\/www.maniamarket.fr\/boutique\/wp-json\/wp\/v2\/product_tag?post=768"}],"curies":[{"name":"wp","href":"https:\/\/api.w.org\/{rel}","templated":true}]}}